{"id":6354,"date":"2025-01-23T13:51:27","date_gmt":"2025-01-23T12:51:27","guid":{"rendered":"https:\/\/www.procom-international.fr\/?page_id=6354"},"modified":"2025-01-24T07:13:45","modified_gmt":"2025-01-24T06:13:45","slug":"surgeles","status":"publish","type":"page","link":"https:\/\/www.procom-international.fr\/fr\/produits\/surgeles\/","title":{"rendered":"SURGELES"},"content":{"rendered":"\t\t<div data-elementor-type=\"wp-page\" data-elementor-id=\"6354\" class=\"elementor elementor-6354\" data-elementor-post-type=\"page\">\n\t\t\t\t<div class=\"elementor-element elementor-element-e7449f8 e-con-full e-flex e-con e-parent\" data-id=\"e7449f8\" data-element_type=\"container\">\n\t\t\t\t<div class=\"elementor-element elementor-element-2e2255e elementor-widget elementor-widget-image\" data-id=\"2e2255e\" data-element_type=\"widget\" data-widget_type=\"image.default\">\n\t\t\t\t<div class=\"elementor-widget-container\">\n\t\t\t\t\t\t\t\t\t\t\t\t\t\t\t<img fetchpriority=\"high\" decoding=\"async\" width=\"2000\" height=\"1125\" src=\"https:\/\/www.procom-international.fr\/wp-content\/uploads\/2025\/01\/Background_SURGELES.jpg\" class=\"attachment-full size-full wp-image-6382\" alt=\"\" srcset=\"https:\/\/www.procom-international.fr\/wp-content\/uploads\/2025\/01\/Background_SURGELES.jpg 2000w, https:\/\/www.procom-international.fr\/wp-content\/uploads\/2025\/01\/Background_SURGELES-300x169.jpg 300w, https:\/\/www.procom-international.fr\/wp-content\/uploads\/2025\/01\/Background_SURGELES-1024x576.jpg 1024w, https:\/\/www.procom-international.fr\/wp-content\/uploads\/2025\/01\/Background_SURGELES-768x432.jpg 768w, https:\/\/www.procom-international.fr\/wp-content\/uploads\/2025\/01\/Background_SURGELES-1536x864.jpg 1536w, https:\/\/www.procom-international.fr\/wp-content\/uploads\/2025\/01\/Background_SURGELES-1200x675.jpg 1200w, https:\/\/www.procom-international.fr\/wp-content\/uploads\/2025\/01\/Background_SURGELES-1980x1114.jpg 1980w\" sizes=\"(max-width: 2000px) 100vw, 2000px\" \/>\t\t\t\t\t\t\t\t\t\t\t\t\t\t\t<\/div>\n\t\t\t\t<\/div>\n\t\t\t\t<\/div>\n\t\t<div class=\"elementor-element elementor-element-4d5c013 e-flex e-con-boxed e-con e-parent\" data-id=\"4d5c013\" data-element_type=\"container\">\n\t\t\t\t\t<div class=\"e-con-inner\">\n\t\t\t\t<div class=\"elementor-element elementor-element-e3c8f50 elementor-widget elementor-widget-heading\" data-id=\"e3c8f50\" data-element_type=\"widget\" data-widget_type=\"heading.default\">\n\t\t\t\t<div class=\"elementor-widget-container\">\n\t\t\t\t\t<h1 class=\"elementor-heading-title elementor-size-default\">SURGELES<\/h1>\t\t\t\t<\/div>\n\t\t\t\t<\/div>\n\t\t\t\t<div class=\"elementor-element elementor-element-2e7cf5c elementor-widget elementor-widget-spacer\" data-id=\"2e7cf5c\" data-element_type=\"widget\" data-widget_type=\"spacer.default\">\n\t\t\t\t<div class=\"elementor-widget-container\">\n\t\t\t\t\t\t\t<div class=\"elementor-spacer\">\n\t\t\t<div class=\"elementor-spacer-inner\"><\/div>\n\t\t<\/div>\n\t\t\t\t\t\t<\/div>\n\t\t\t\t<\/div>\n\t\t\t\t<div class=\"elementor-element elementor-element-d66bc9f elementor-widget elementor-widget-text-editor\" data-id=\"d66bc9f\" data-element_type=\"widget\" data-widget_type=\"text-editor.default\">\n\t\t\t\t<div class=\"elementor-widget-container\">\n\t\t\t\t\t\t\t\t\t<p>Notre offre de surgel\u00e9s couvre une large gamme de viandes (boeuf, porc, poulet, dinde, cabri, agneau) et leurs d\u00e9coupes, disponibles en format retail et food service, ainsi que des produits \u00e9labor\u00e9s (produits pan\u00e9s, lots cuisin\u00e9s) des l\u00e9gumes des frites et des glaces.<\/p>\t\t\t\t\t\t\t\t<\/div>\n\t\t\t\t<\/div>\n\t\t\t\t\t<\/div>\n\t\t\t\t<\/div>\n\t\t<div class=\"elementor-element elementor-element-62e367d e-con-full e-flex e-con e-parent\" data-id=\"62e367d\" data-element_type=\"container\">\n\t\t<div class=\"elementor-element elementor-element-cb16ee3 e-con-full e-flex e-con e-child\" data-id=\"cb16ee3\" data-element_type=\"container\">\n\t\t\t\t<div class=\"elementor-element elementor-element-5a6530d elementor-widget elementor-widget-image\" data-id=\"5a6530d\" data-element_type=\"widget\" data-widget_type=\"image.default\">\n\t\t\t\t<div class=\"elementor-widget-container\">\n\t\t\t\t\t\t\t\t\t\t\t\t\t\t\t<img decoding=\"async\" width=\"1600\" height=\"1065\" src=\"https:\/\/www.procom-international.fr\/wp-content\/uploads\/2025\/01\/Procom_international_legumes_surgeles-2.jpg\" class=\"attachment-full size-full wp-image-6491\" alt=\"\" srcset=\"https:\/\/www.procom-international.fr\/wp-content\/uploads\/2025\/01\/Procom_international_legumes_surgeles-2.jpg 1600w, https:\/\/www.procom-international.fr\/wp-content\/uploads\/2025\/01\/Procom_international_legumes_surgeles-2-300x200.jpg 300w, https:\/\/www.procom-international.fr\/wp-content\/uploads\/2025\/01\/Procom_international_legumes_surgeles-2-1024x682.jpg 1024w, https:\/\/www.procom-international.fr\/wp-content\/uploads\/2025\/01\/Procom_international_legumes_surgeles-2-768x511.jpg 768w, https:\/\/www.procom-international.fr\/wp-content\/uploads\/2025\/01\/Procom_international_legumes_surgeles-2-1536x1022.jpg 1536w, https:\/\/www.procom-international.fr\/wp-content\/uploads\/2025\/01\/Procom_international_legumes_surgeles-2-1200x799.jpg 1200w\" sizes=\"(max-width: 1600px) 100vw, 1600px\" \/>\t\t\t\t\t\t\t\t\t\t\t\t\t\t\t<\/div>\n\t\t\t\t<\/div>\n\t\t\t\t<\/div>\n\t\t<div class=\"elementor-element elementor-element-32713bd e-con-full e-flex e-con e-child\" data-id=\"32713bd\" data-element_type=\"container\">\n\t\t\t\t<div class=\"elementor-element elementor-element-4c588d5 elementor-widget elementor-widget-image\" data-id=\"4c588d5\" data-element_type=\"widget\" data-widget_type=\"image.default\">\n\t\t\t\t<div class=\"elementor-widget-container\">\n\t\t\t\t\t\t\t\t\t\t\t\t\t\t\t<img decoding=\"async\" width=\"1600\" height=\"1067\" src=\"https:\/\/www.procom-international.fr\/wp-content\/uploads\/2025\/01\/Procom_international_viande_surgeles.jpg\" class=\"attachment-full size-full wp-image-6489\" alt=\"\" srcset=\"https:\/\/www.procom-international.fr\/wp-content\/uploads\/2025\/01\/Procom_international_viande_surgeles.jpg 1600w, https:\/\/www.procom-international.fr\/wp-content\/uploads\/2025\/01\/Procom_international_viande_surgeles-300x200.jpg 300w, https:\/\/www.procom-international.fr\/wp-content\/uploads\/2025\/01\/Procom_international_viande_surgeles-1024x683.jpg 1024w, https:\/\/www.procom-international.fr\/wp-content\/uploads\/2025\/01\/Procom_international_viande_surgeles-768x512.jpg 768w, https:\/\/www.procom-international.fr\/wp-content\/uploads\/2025\/01\/Procom_international_viande_surgeles-1536x1024.jpg 1536w, https:\/\/www.procom-international.fr\/wp-content\/uploads\/2025\/01\/Procom_international_viande_surgeles-1200x800.jpg 1200w\" sizes=\"(max-width: 1600px) 100vw, 1600px\" \/>\t\t\t\t\t\t\t\t\t\t\t\t\t\t\t<\/div>\n\t\t\t\t<\/div>\n\t\t\t\t<\/div>\n\t\t\t\t<\/div>\n\t\t<div class=\"elementor-element elementor-element-299922c e-flex e-con-boxed e-con e-parent\" data-id=\"299922c\" data-element_type=\"container\">\n\t\t\t\t\t<div class=\"e-con-inner\">\n\t\t\t\t<div class=\"elementor-element elementor-element-2fa92fa elementor-widget elementor-widget-spacer\" data-id=\"2fa92fa\" data-element_type=\"widget\" data-widget_type=\"spacer.default\">\n\t\t\t\t<div class=\"elementor-widget-container\">\n\t\t\t\t\t\t\t<div class=\"elementor-spacer\">\n\t\t\t<div class=\"elementor-spacer-inner\"><\/div>\n\t\t<\/div>\n\t\t\t\t\t\t<\/div>\n\t\t\t\t<\/div>\n\t\t\t\t\t<\/div>\n\t\t\t\t<\/div>\n\t\t\t\t<\/div>\n\t\t","protected":false},"excerpt":{"rendered":"<p>SURGELES Notre offre de surgel\u00e9s couvre une large gamme de viandes (boeuf, porc, poulet, dinde, cabri, agneau) et leurs d\u00e9coupes, disponibles en format retail et food service, ainsi que des produits \u00e9labor\u00e9s (produits pan\u00e9s, lots cuisin\u00e9s) des l\u00e9gumes des frites et des glaces.<\/p>\n","protected":false},"author":1,"featured_media":0,"parent":6224,"menu_order":0,"comment_status":"closed","ping_status":"closed","template":"","meta":{"footnotes":""},"class_list":["post-6354","page","type-page","status-publish","hentry"],"_links":{"self":[{"href":"https:\/\/www.procom-international.fr\/fr\/wp-json\/wp\/v2\/pages\/6354","targetHints":{"allow":["GET"]}}],"collection":[{"href":"https:\/\/www.procom-international.fr\/fr\/wp-json\/wp\/v2\/pages"}],"about":[{"href":"https:\/\/www.procom-international.fr\/fr\/wp-json\/wp\/v2\/types\/page"}],"author":[{"embeddable":true,"href":"https:\/\/www.procom-international.fr\/fr\/wp-json\/wp\/v2\/users\/1"}],"replies":[{"embeddable":true,"href":"https:\/\/www.procom-international.fr\/fr\/wp-json\/wp\/v2\/comments?post=6354"}],"version-history":[{"count":40,"href":"https:\/\/www.procom-international.fr\/fr\/wp-json\/wp\/v2\/pages\/6354\/revisions"}],"predecessor-version":[{"id":6714,"href":"https:\/\/www.procom-international.fr\/fr\/wp-json\/wp\/v2\/pages\/6354\/revisions\/6714"}],"up":[{"embeddable":true,"href":"https:\/\/www.procom-international.fr\/fr\/wp-json\/wp\/v2\/pages\/6224"}],"wp:attachment":[{"href":"https:\/\/www.procom-international.fr\/fr\/wp-json\/wp\/v2\/media?parent=6354"}],"curies":[{"name":"wp","href":"https:\/\/api.w.org\/{rel}","templated":true}]}}